{"id":122,"date":"2024-10-17T10:10:18","date_gmt":"2024-10-17T10:10:18","guid":{"rendered":"https:\/\/handskrift.no\/?page_id=122"},"modified":"2024-11-29T15:28:14","modified_gmt":"2024-11-29T15:28:14","slug":"om-oss","status":"publish","type":"page","link":"https:\/\/handskrift.no\/index.php\/om-oss\/","title":{"rendered":"Om oss"},"content":{"rendered":"\n<h4 class=\"wp-block-heading\">Vellykket samarbeid gjennom 15 \u00e5r<\/h4>\n\n\n<div class=\"wp-block-image\">\n<figure class=\"alignleft size-large is-resized\"><img loading=\"lazy\" decoding=\"async\" width=\"651\" height=\"1024\" src=\"https:\/\/handskrift.no\/wp-content\/uploads\/2024\/11\/hanne-651x1024.jpg\" alt=\"\" class=\"wp-image-143\" style=\"width:250px;height:auto\" srcset=\"https:\/\/handskrift.no\/wp-content\/uploads\/2024\/11\/hanne-651x1024.jpg 651w, https:\/\/handskrift.no\/wp-content\/uploads\/2024\/11\/hanne-191x300.jpg 191w, https:\/\/handskrift.no\/wp-content\/uploads\/2024\/11\/hanne-768x1207.jpg 768w, https:\/\/handskrift.no\/wp-content\/uploads\/2024\/11\/hanne-977x1536.jpg 977w, https:\/\/handskrift.no\/wp-content\/uploads\/2024\/11\/hanne.jpg 1278w\" sizes=\"auto, (max-width: 651px) 100vw, 651px\" \/><\/figure>\n<\/div>\n\n\n<p>Hanne Solem har arbeidet som l\u00e6rer i Osloskolen i mange \u00e5r. Hun har lang erfaring med lese- og skriveoppl\u00e6ring og har tatt videreutdanning p\u00e5 masterniv\u00e5 ved Universitetet i Oslo som veileder i spr\u00e5k- og leseoppl\u00e6ring. Hun er forfatter av en rekke l\u00e6reb\u00f8ker i norsk og matematikk, alle utgitt av GAN Aschehoug.<\/p>\n\n\n<div class=\"wp-block-image\">\n<figure class=\"alignright size-large is-resized\"><img loading=\"lazy\" decoding=\"async\" width=\"737\" height=\"1024\" src=\"https:\/\/handskrift.no\/wp-content\/uploads\/2024\/11\/dynamiskduo-737x1024.jpg\" alt=\"\" class=\"wp-image-145\" style=\"width:266px;height:auto\" srcset=\"https:\/\/handskrift.no\/wp-content\/uploads\/2024\/11\/dynamiskduo-737x1024.jpg 737w, https:\/\/handskrift.no\/wp-content\/uploads\/2024\/11\/dynamiskduo-216x300.jpg 216w, https:\/\/handskrift.no\/wp-content\/uploads\/2024\/11\/dynamiskduo-768x1067.jpg 768w, https:\/\/handskrift.no\/wp-content\/uploads\/2024\/11\/dynamiskduo-1105x1536.jpg 1105w, https:\/\/handskrift.no\/wp-content\/uploads\/2024\/11\/dynamiskduo-1474x2048.jpg 1474w, https:\/\/handskrift.no\/wp-content\/uploads\/2024\/11\/dynamiskduo-scaled.jpg 1842w\" sizes=\"auto, (max-width: 737px) 100vw, 737px\" \/><\/figure>\n<\/div>\n\n\n<p>Ida Nygaard er utdannet typograf og jobber som grafisk designer. I 2004 etablerte hun Nygaard Design, som holder til i trivelige lokaler p\u00e5 V\u00e5lerenga i Oslo.<\/p>\n\n\n\n<p>Kristin Hide har mange \u00e5rs erfaring som forlagsredakt\u00f8r. N\u00e5 driver hun eget firma hvor hun tilbyr tjenester som redakt\u00f8r og spr\u00e5kvasker.<\/p>\n\n\n\n<p>Og for ikke \u00e5 glemme: Thor Walter Kristensen, engasjert illustrat\u00f8r med utpreget humoristisk strek.<\/p>\n\n\n\n<p><\/p>\n","protected":false},"excerpt":{"rendered":"<p>Vellykket samarbeid gjennom 15 \u00e5r Hanne Solem har arbeidet som l\u00e6rer i Osloskolen i mange \u00e5r. Hun har lang erfaring med lese- og skriveoppl\u00e6ring og har tatt videreutdanning p\u00e5 masterniv\u00e5 ved Universitetet i Oslo som veileder i spr\u00e5k- og leseoppl\u00e6ring. Hun er forfatter av en rekke l\u00e6reb\u00f8ker i norsk og matematikk, alle utgitt av GAN &#8230; <a title=\"Om oss\" class=\"read-more\" href=\"https:\/\/handskrift.no\/index.php\/om-oss\/\" aria-label=\"Mer p\u00e5 Om oss\">Les mer<\/a><\/p>\n","protected":false},"author":2,"featured_media":0,"parent":0,"menu_order":0,"comment_status":"closed","ping_status":"closed","template":"","meta":{"footnotes":""},"class_list":["post-122","page","type-page","status-publish"],"_links":{"self":[{"href":"https:\/\/handskrift.no\/index.php\/wp-json\/wp\/v2\/pages\/122","targetHints":{"allow":["GET"]}}],"collection":[{"href":"https:\/\/handskrift.no\/index.php\/wp-json\/wp\/v2\/pages"}],"about":[{"href":"https:\/\/handskrift.no\/index.php\/wp-json\/wp\/v2\/types\/page"}],"author":[{"embeddable":true,"href":"https:\/\/handskrift.no\/index.php\/wp-json\/wp\/v2\/users\/2"}],"replies":[{"embeddable":true,"href":"https:\/\/handskrift.no\/index.php\/wp-json\/wp\/v2\/comments?post=122"}],"version-history":[{"count":4,"href":"https:\/\/handskrift.no\/index.php\/wp-json\/wp\/v2\/pages\/122\/revisions"}],"predecessor-version":[{"id":147,"href":"https:\/\/handskrift.no\/index.php\/wp-json\/wp\/v2\/pages\/122\/revisions\/147"}],"wp:attachment":[{"href":"https:\/\/handskrift.no\/index.php\/wp-json\/wp\/v2\/media?parent=122"}],"curies":[{"name":"wp","href":"https:\/\/api.w.org\/{rel}","templated":true}]}}