{"id":193,"date":"2024-12-03T10:25:28","date_gmt":"2024-12-03T10:25:28","guid":{"rendered":"https:\/\/handskrift.no\/?page_id=193"},"modified":"2024-12-03T10:29:56","modified_gmt":"2024-12-03T10:29:56","slug":"bestill-boker","status":"publish","type":"page","link":"https:\/\/handskrift.no\/index.php\/bestill-boker\/","title":{"rendered":"Bestill b\u00f8ker"},"content":{"rendered":"\n<p>B\u00f8kene kan bestilles i alle landets bokhandler!<\/p>\n\n\n\n<p><a href=\"https:\/\/www.ark.no\/produkt\/boker\/skoleboker\/stavskrift-9788293461197\" target=\"_blank\" rel=\"noreferrer noopener\">Stavskrift &#8211; bokm\u00e5l<\/a><br><a href=\"https:\/\/www.ark.no\/produkt\/boker\/skoleboker\/stavskrift-9788293461203\" target=\"_blank\" rel=\"noreferrer noopener\">Stavskrift &#8211; nynorsk<\/a><br><a href=\"https:\/\/www.ark.no\/produkt\/boker\/skoleboker\/lokkeskrift-9788293461173\" target=\"_blank\" rel=\"noreferrer noopener\">L\u00f8kkeskrift &#8211; bokm\u00e5l<\/a><br><a href=\"https:\/\/www.ark.no\/produkt\/boker\/skoleboker\/lykkjeskrift-9788293461180\" target=\"_blank\" rel=\"noreferrer noopener\">Lykkjeskrift &#8211; nynorsk<\/a><\/p>\n\n\n\n<figure class=\"wp-block-image size-large\"><img loading=\"lazy\" decoding=\"async\" width=\"1024\" height=\"640\" src=\"https:\/\/handskrift.no\/wp-content\/uploads\/2024\/12\/handskriftserien-1024x640.jpg\" alt=\"\" class=\"wp-image-194\" srcset=\"https:\/\/handskrift.no\/wp-content\/uploads\/2024\/12\/handskriftserien-1024x640.jpg 1024w, https:\/\/handskrift.no\/wp-content\/uploads\/2024\/12\/handskriftserien-300x188.jpg 300w, https:\/\/handskrift.no\/wp-content\/uploads\/2024\/12\/handskriftserien-768x480.jpg 768w, https:\/\/handskrift.no\/wp-content\/uploads\/2024\/12\/handskriftserien-1536x960.jpg 1536w, https:\/\/handskrift.no\/wp-content\/uploads\/2024\/12\/handskriftserien-2048x1280.jpg 2048w\" sizes=\"auto, (max-width: 1024px) 100vw, 1024px\" \/><\/figure>\n\n\n\n<p><\/p>\n","protected":false},"excerpt":{"rendered":"<p>B\u00f8kene kan bestilles i alle landets bokhandler! Stavskrift &#8211; bokm\u00e5lStavskrift &#8211; nynorskL\u00f8kkeskrift &#8211; bokm\u00e5lLykkjeskrift &#8211; nynorsk<\/p>\n","protected":false},"author":1,"featured_media":0,"parent":0,"menu_order":0,"comment_status":"closed","ping_status":"closed","template":"","meta":{"footnotes":""},"class_list":["post-193","page","type-page","status-publish"],"_links":{"self":[{"href":"https:\/\/handskrift.no\/index.php\/wp-json\/wp\/v2\/pages\/193","targetHints":{"allow":["GET"]}}],"collection":[{"href":"https:\/\/handskrift.no\/index.php\/wp-json\/wp\/v2\/pages"}],"about":[{"href":"https:\/\/handskrift.no\/index.php\/wp-json\/wp\/v2\/types\/page"}],"author":[{"embeddable":true,"href":"https:\/\/handskrift.no\/index.php\/wp-json\/wp\/v2\/users\/1"}],"replies":[{"embeddable":true,"href":"https:\/\/handskrift.no\/index.php\/wp-json\/wp\/v2\/comments?post=193"}],"version-history":[{"count":5,"href":"https:\/\/handskrift.no\/index.php\/wp-json\/wp\/v2\/pages\/193\/revisions"}],"predecessor-version":[{"id":199,"href":"https:\/\/handskrift.no\/index.php\/wp-json\/wp\/v2\/pages\/193\/revisions\/199"}],"wp:attachment":[{"href":"https:\/\/handskrift.no\/index.php\/wp-json\/wp\/v2\/media?parent=193"}],"curies":[{"name":"wp","href":"https:\/\/api.w.org\/{rel}","templated":true}]}}