{"id":202,"date":"2024-12-03T14:24:12","date_gmt":"2024-12-03T14:24:12","guid":{"rendered":"https:\/\/handskrift.no\/?page_id=202"},"modified":"2024-12-03T14:28:30","modified_gmt":"2024-12-03T14:28:30","slug":"bakgrunnen-for-handskrift-bokene","status":"publish","type":"page","link":"https:\/\/handskrift.no\/index.php\/bakgrunnen-for-handskrift-bokene\/","title":{"rendered":"Bakgrunn"},"content":{"rendered":"\n<p><strong>Sammenhengende h\u00e5ndskrift gir best l\u00e6ring<\/strong><\/p>\n\n\n\n<p>Sammen med l\u00e6rebokforfatter Hanne Solem har Ida Nygaard og Kristin Hide mange\u00e5rig felles bakgrunn fra forlagsbransjen. Da Kristin var ansatt i GAN Aschehoug og drev med l\u00e6remiddelutvikling, var hun redakt\u00f8r p\u00e5 Hannes utgivelser og brukte Ida som grafisk designer.<\/p>\n\n\n\n<p>Et felles engasjement for \u00e5 styrke h\u00e5ndskrift og sammenhengende skrift i skolen er bakgrunnen for at de tre har valgt \u00e5 utvikle <em>H\u00e5ndskriftserien<\/em>.<\/p>\n\n\n\n<p><strong>Hanne Solem \u2013 forfatter<\/strong><\/p>\n\n\n\n<p>Hanne Solem har lang og bred erfaring som l\u00e6rer og spr\u00e5k- og leseveileder. I skole-Norge er hun sv\u00e6rt godt kjent som forfatter av en rekke l\u00e6reb\u00f8ker i norsk og matematikk for GAN Forlag, senere GAN Aschehoug \/ Aschehoug.<\/p>\n\n\n\n<p>Hanne Solem har blant annet skrevet de popul\u00e6re seriene <em>Leseforst\u00e5else, Skriveforst\u00e5else<\/em> og <em>Ukas ord<\/em>. Hun er ogs\u00e5 forfatter av et utall b\u00f8ker i <em>BOKBUSSEN<\/em>, en serie p\u00e5 180 sm\u00e5b\u00f8ker til bruk i leseoppl\u00e6ringen. Her var Kristin redakt\u00f8r, og Ida grafisk designer.<\/p>\n\n\n\n<p><strong>H\u00e5ndskriftserien<\/strong><\/p>\n\n\n\n<p>N\u00e5r Hanne Solem denne gangen satser p\u00e5 arbeidsb\u00f8ker i h\u00e5ndskrift, er dette ut fra erfaringer og tilbakemeldinger fra l\u00e6rere. Selv om det if\u00f8lge l\u00e6replanen ikke lenger er krav om \u00e5 mestre sammenhengende skrift, gjelder fortsatt kravet om \u00e5 mestre en funksjonell h\u00e5ndskrift. Vi vet at sammenhengende skrift er mer funksjonell. Skrivem\u00e5ten setter seg bedre i h\u00e5nden, den gir skriften flyt, den gj\u00f8r det mindre slitsomt for elevene \u00e5 skrive, de skriver raskere, og ikke minst; n\u00e5r skriften sitter, kan elevene fokusere p\u00e5 andre elementer ved skrivingen: innholdet. Dessuten utvikler elevene en personlig skrift.<\/p>\n\n\n\n<p>Alt dette, i tillegg til at vi vet at h\u00e5ndskrift forsterker l\u00e6ringsprosessen, tydeliggj\u00f8r behovet for oppl\u00e6ring i en funksjonell, sammenhengende skrift. Denne oppl\u00e6ringen kan oppleves som krevende for mange l\u00e6rere, som kanskje er usikre p\u00e5 b\u00e5de metode og selve skrivem\u00e5ten.<\/p>\n\n\n\n<p><em>H\u00e5ndskriftserien<\/em> er derfor et viktig og nyttig hjelpemiddel, enten man velger stavskrift eller l\u00f8kkeskrift. Det ser ikke ut til at valget mellom de to er avgj\u00f8rende for hvor gode elevene blir til \u00e5 skrive. Det er ingen forskjell p\u00e5 funksjonaliteten, alts\u00e5 hvor fort, pent og lesbart elevene skriver. Det rette blir da \u00e5 ta et valg som l\u00e6reren selv er fortrolig med. <em>H\u00e5ndskriftserien <\/em>utgis derfor i to versjoner, stavskrift og l\u00f8kkeskrift. Begge utgavene foreligger p\u00e5 b\u00e5de bokm\u00e5l og nynorsk.<\/p>\n\n\n\n<p><strong>Ida Nygaard \u2013 designer og forlegger<\/strong><\/p>\n\n\n\n<p>Da Ida Nygaard ble spurt om \u00e5 h\u00e5ndtegne tekst til et l\u00e6reverk i h\u00e5ndskriftoppl\u00e6ring for noen \u00e5r tilbake, tenkte hun: \u00abDet m\u00e5 da finnes en font &#8230;\u00bb. Men det fantes p\u00e5 det tidspunktet ikke en font i god kvalitet som framstilte de sammenhengende bokstavene slik de blir l\u00e6rt bort p\u00e5 norske skoler. \u00abVel, da lager jeg en font, da!\u00bb Slik ble \u00abNorsk skoleskrift\u00bb med utgaver for stavskrift og l\u00f8kkeskrift til. Senere har det ogs\u00e5 blitt laget varianter med enklere utgave av de store bokstavene.<\/p>\n\n\n\n<p>Ida har videre bidratt til det internasjonale prosjektet som har kartlagt h\u00e5ndskriftoppl\u00e6ring verden over, Primarium. Fontene er brukt i Store norske leksikon som illustrasjon p\u00e5 hvordan h\u00e5ndskrift l\u00e6res bort i norsk skole.<\/p>\n\n\n\n<p>Ida er utdannet typograf og jobber som grafisk designer. I 2004 etablerte hun Nygaard Design, som holder til i trivelige lokaler p\u00e5 V\u00e5lerenga i Oslo. Hun elsker b\u00f8ker og har lang erfaring med formgiving av l\u00e6reb\u00f8ker, og brenner for god design og typografi. Ida er ogs\u00e5 eier av Nygaard Forlag, som har gitt ut H\u00e5ndskriftserien.<\/p>\n\n\n\n<p><strong>Kristin Hide \u2013 redakt\u00f8r og spr\u00e5kperson<\/strong><\/p>\n\n\n\n<p>Kristin har mange \u00e5rs erfaring som forlagsredakt\u00f8r med ansvar for hele l\u00f8pet i hvert prosjekt. N\u00e5 driver hun eget firma hvor hun tilbyr tjenester som redakt\u00f8r, manuskonsulent, spr\u00e5kvasker og korrekturleser.<\/p>\n\n\n\n<p>Kristin er redakt\u00f8r p\u00e5 sakprosab\u00f8ker for voksne, og p\u00e5 b\u00f8ker for barn. I tillegg er hun spr\u00e5kvasker og korrekturleser p\u00e5 alle mulige typer manus.&nbsp;<\/p>\n\n\n\n<p>Etter \u00e5 ha v\u00e6rt i forlagsbransjen i s\u00e5 mange \u00e5r, har hun n\u00e5 en arbeidshverdag hvor hun bruker kompetansen sin i en friere rolle, og p\u00e5 en st\u00f8rre bredde av sjangre. Og ekstrabonusen er alle de hyggelige forfatterne hun f\u00e5r samarbeide med.<\/p>\n","protected":false},"excerpt":{"rendered":"<p>Sammenhengende h\u00e5ndskrift gir best l\u00e6ring Sammen med l\u00e6rebokforfatter Hanne Solem har Ida Nygaard og Kristin Hide mange\u00e5rig felles bakgrunn fra forlagsbransjen. Da Kristin var ansatt i GAN Aschehoug og drev med l\u00e6remiddelutvikling, var hun redakt\u00f8r p\u00e5 Hannes utgivelser og brukte Ida som grafisk designer. Et felles engasjement for \u00e5 styrke h\u00e5ndskrift og sammenhengende skrift i &#8230; <a title=\"Bakgrunn\" class=\"read-more\" href=\"https:\/\/handskrift.no\/index.php\/bakgrunnen-for-handskrift-bokene\/\" aria-label=\"Mer p\u00e5 Bakgrunn\">Les mer<\/a><\/p>\n","protected":false},"author":2,"featured_media":0,"parent":0,"menu_order":0,"comment_status":"closed","ping_status":"closed","template":"","meta":{"footnotes":""},"class_list":["post-202","page","type-page","status-publish"],"_links":{"self":[{"href":"https:\/\/handskrift.no\/index.php\/wp-json\/wp\/v2\/pages\/202","targetHints":{"allow":["GET"]}}],"collection":[{"href":"https:\/\/handskrift.no\/index.php\/wp-json\/wp\/v2\/pages"}],"about":[{"href":"https:\/\/handskrift.no\/index.php\/wp-json\/wp\/v2\/types\/page"}],"author":[{"embeddable":true,"href":"https:\/\/handskrift.no\/index.php\/wp-json\/wp\/v2\/users\/2"}],"replies":[{"embeddable":true,"href":"https:\/\/handskrift.no\/index.php\/wp-json\/wp\/v2\/comments?post=202"}],"version-history":[{"count":2,"href":"https:\/\/handskrift.no\/index.php\/wp-json\/wp\/v2\/pages\/202\/revisions"}],"predecessor-version":[{"id":204,"href":"https:\/\/handskrift.no\/index.php\/wp-json\/wp\/v2\/pages\/202\/revisions\/204"}],"wp:attachment":[{"href":"https:\/\/handskrift.no\/index.php\/wp-json\/wp\/v2\/media?parent=202"}],"curies":[{"name":"wp","href":"https:\/\/api.w.org\/{rel}","templated":true}]}}